{"id":241336,"date":"2021-07-13T21:15:53","date_gmt":"2021-07-13T21:15:53","guid":{"rendered":"http:\/\/manipuladoralimentos.vl22392.dinaserver.com\/necesitas-renovar\/"},"modified":"2022-02-08T13:02:11","modified_gmt":"2022-02-08T13:02:11","slug":"necessita-de-renovar","status":"publish","type":"page","link":"https:\/\/manipuladoralimentos.es\/pt-pt\/necessita-de-renovar\/","title":{"rendered":"Necessita de renovar?"},"content":{"rendered":"<div id=\"modal-ready\"><p>[et_pb_section fb_built=&#8221;1&#8243; fullwidth=&#8221;on&#8221; _builder_version=&#8221;4.9.7&#8243; _module_preset=&#8221;default&#8221; custom_margin=&#8221;0px||||false|false&#8221; custom_padding=&#8221;0px||||false|false&#8221;][et_pb_fullwidth_code _builder_version=&#8221;4.9.7&#8243; _module_preset=&#8221;default&#8221;][\/et_pb_fullwidth_code][\/et_pb_section][et_pb_section fb_built=&#8221;1&#8243; disabled_on=&#8221;on|on|on&#8221; _builder_version=&#8221;4.9.7&#8243; _module_preset=&#8221;default&#8221; background_color=&#8221;#f5f5f5&#8243; custom_margin=&#8221;||||false|false&#8221; custom_padding=&#8221;100px||50px||false|false&#8221; disabled=&#8221;on&#8221; locked=&#8221;off&#8221;][et_pb_row _builder_version=&#8221;4.9.7&#8243; _module_preset=&#8221;default&#8221; custom_margin=&#8221;0px||0px||false|false&#8221; custom_padding=&#8221;0px||0px||false|false&#8221;][et_pb_column type=&#8221;4_4&#8243; _builder_version=&#8221;4.9.7&#8243; _module_preset=&#8221;default&#8221;][et_pb_text _builder_version=&#8221;4.9.7&#8243; _module_preset=&#8221;default&#8221; header_text_color=&#8221;#45C76E&#8221; header_font_size=&#8221;45px&#8221; header_line_height=&#8221;50px&#8221; text_orientation=&#8221;center&#8221; custom_margin=&#8221;||10px||false|false&#8221;]<\/p>\n<h1><span data-sheets-value=\"{&quot;1&quot;:2,&quot;2&quot;:&quot;Renove j\u00e1 o seu certificado de Higiene e Seguran\u00e7a Alimentar em apenas 3 passos. Receba-o hoje!&quot;}\" data-sheets-userformat=\"{&quot;2&quot;:14593,&quot;3&quot;:{&quot;1&quot;:0,&quot;3&quot;:1},&quot;11&quot;:4,&quot;14&quot;:[null,2,0],&quot;15&quot;:&quot;Arial&quot;,&quot;16&quot;:10}\">Renove j\u00e1 o seu certificado de Higiene e Seguran\u00e7a Alimentar em apenas 3 passos. Receba-o hoje!<\/span><\/h1>\n<p>[\/et_pb_text][\/et_pb_column][\/et_pb_row][\/et_pb_section][et_pb_section fb_built=&#8221;1&#8243; disabled_on=&#8221;on|on|on&#8221; _builder_version=&#8221;4.9.7&#8243; _module_preset=&#8221;default&#8221; custom_margin=&#8221;||||false|false&#8221; custom_padding=&#8221;50px||100px||false|false&#8221; disabled=&#8221;on&#8221; locked=&#8221;off&#8221;][et_pb_row _builder_version=&#8221;4.9.7&#8243; _module_preset=&#8221;default&#8221; custom_margin=&#8221;0px||0px||false|false&#8221; custom_padding=&#8221;0px||0px||false|false&#8221; locked=&#8221;off&#8221;][et_pb_column type=&#8221;4_4&#8243; _builder_version=&#8221;4.9.7&#8243; _module_preset=&#8221;default&#8221;][et_pb_text _builder_version=&#8221;4.9.7&#8243; _module_preset=&#8221;default&#8221; width=&#8221;50%&#8221; width_tablet=&#8221;&#8221; width_phone=&#8221;100%&#8221; width_last_edited=&#8221;on|phone&#8221; module_alignment=&#8221;center&#8221; width__hover_enabled=&#8221;on|desktop&#8221;]<\/p>\n<p>Es posible que tu carnet de manipulador de alimentos fuera emitido conforme a la normativa anterior (RD 2505\/83) en la que se indicaba de forma expresa la obligatoriedad de renovar cada 4 a\u00f1os. En la actualidad, la nueva normativa no especifica un periodo concreto de validez simplemente se recomienda renovar el certificado cada 4 a\u00f1os o ante cualquier cambio de normativa, por ejemplo <strong>actualmente es obligatoria la formaci\u00f3n de manipulador de alimentos con contenido sobre COVID19.<\/strong><\/p>\n<p>[\/et_pb_text][\/et_pb_column][\/et_pb_row][\/et_pb_section][et_pb_section fb_built=&#8221;1&#8243; _builder_version=&#8221;4.9.7&#8243; _module_preset=&#8221;default&#8221; background_color=&#8221;#f5f5f5&#8243; custom_margin=&#8221;||0px||false|false&#8221; custom_padding=&#8221;||0px||false|false&#8221;][et_pb_row _builder_version=&#8221;4.9.7&#8243; _module_preset=&#8221;default&#8221; custom_margin=&#8221;0px||0px||false|false&#8221; custom_padding=&#8221;0px||0px||false|false&#8221;][et_pb_column type=&#8221;4_4&#8243; _builder_version=&#8221;4.9.7&#8243; _module_preset=&#8221;default&#8221;][et_pb_text _builder_version=&#8221;4.9.10&#8243; _module_preset=&#8221;default&#8221; text_orientation=&#8221;center&#8221;]<\/p>\n<h2><span data-sheets-value=\"{&quot;1&quot;:2,&quot;2&quot;:&quot;Renove j\u00e1 o seu certificado de Higiene e Seguran\u00e7a Alimentar em apenas 3 passos. Receba-o hoje!.&quot;}\" data-sheets-userformat=\"{&quot;2&quot;:14593,&quot;3&quot;:{&quot;1&quot;:0,&quot;3&quot;:1},&quot;11&quot;:4,&quot;14&quot;:[null,2,0],&quot;15&quot;:&quot;Arial&quot;,&quot;16&quot;:10}\">Renove j\u00e1 o seu certificado de Higiene e Seguran\u00e7a Alimentar em apenas 3 passos. Receba-o hoje!<\/span><\/h2>\n<p>[\/et_pb_text][\/et_pb_column][\/et_pb_row][et_pb_row column_structure=&#8221;1_3,1_3,1_3&#8243; use_custom_gutter=&#8221;on&#8221; gutter_width=&#8221;2&#8243; make_equal=&#8221;on&#8221; _builder_version=&#8221;4.9.7&#8243; _module_preset=&#8221;default&#8221;][et_pb_column type=&#8221;1_3&#8243; _builder_version=&#8221;4.9.7&#8243; _module_preset=&#8221;default&#8221;][et_pb_text _builder_version=&#8221;4.9.7&#8243; _module_preset=&#8221;default&#8221; background_color=&#8221;#FFFFFF&#8221; height=&#8221;150px&#8221; custom_margin=&#8221;||0px||false|false&#8221; custom_padding=&#8221;42px|75px|42px|100px|true|false&#8221; custom_padding_tablet=&#8221;&#8221; custom_padding_phone=&#8221;42px|35px|42px|85px|true|false&#8221; custom_padding_last_edited=&#8221;on|phone&#8221;]<span class=\"spannumeropasos\">1<\/span>Escolha o seu curso e leia o manual[\/et_pb_text][et_pb_image src=&#8221;https:\/\/manipuladoralimentos.es\/wp-content\/uploads\/2021\/07\/home-paso-1.jpg&#8221; title_text=&#8221;home-paso-1&#8243; force_fullwidth=&#8221;on&#8221; _builder_version=&#8221;4.9.7&#8243; _module_preset=&#8221;default&#8221;][\/et_pb_image][\/et_pb_column][et_pb_column type=&#8221;1_3&#8243; _builder_version=&#8221;4.9.7&#8243; _module_preset=&#8221;default&#8221;][et_pb_text _builder_version=&#8221;4.9.7&#8243; _module_preset=&#8221;default&#8221; background_color=&#8221;#FFFFFF&#8221; height=&#8221;150px&#8221; custom_margin=&#8221;||0px||false|false&#8221; custom_padding=&#8221;42px|75px|42px|100px|true|false&#8221; custom_padding_tablet=&#8221;&#8221; custom_padding_phone=&#8221;42px|35px|42px|85px|true|false&#8221; custom_padding_last_edited=&#8221;on|phone&#8221;]<span class=\"spannumeropasos\">2<\/span>Fa\u00e7a o teste e verifique que foi aprovado[\/et_pb_text][et_pb_image src=&#8221;https:\/\/manipuladoralimentos.es\/wp-content\/uploads\/2021\/07\/home-paso-2.jpg&#8221; title_text=&#8221;home-paso-2&#8243; force_fullwidth=&#8221;on&#8221; _builder_version=&#8221;4.9.7&#8243; _module_preset=&#8221;default&#8221;][\/et_pb_image][\/et_pb_column][et_pb_column type=&#8221;1_3&#8243; _builder_version=&#8221;4.9.7&#8243; _module_preset=&#8221;default&#8221;][et_pb_text _builder_version=&#8221;4.9.7&#8243; _module_preset=&#8221;default&#8221; background_color=&#8221;#FFFFFF&#8221; height=&#8221;150px&#8221; custom_margin=&#8221;||0px||false|false&#8221; custom_padding=&#8221;42px|75px|42px|100px|true|false&#8221; custom_padding_tablet=&#8221;&#8221; custom_padding_phone=&#8221;42px|35px|42px|85px|true|false&#8221; custom_padding_last_edited=&#8221;on|phone&#8221;]<span class=\"spannumeropasos\">3<\/span>Receba o seu certificado instantaneamente[\/et_pb_text][et_pb_image src=&#8221;https:\/\/manipuladoralimentos.es\/wp-content\/uploads\/2021\/07\/home-paso-3.jpg&#8221; title_text=&#8221;home-paso-3&#8243; force_fullwidth=&#8221;on&#8221; _builder_version=&#8221;4.9.7&#8243; _module_preset=&#8221;default&#8221;][\/et_pb_image][\/et_pb_column][\/et_pb_row][et_pb_row module_class=&#8221;ctaalign&#8221; _builder_version=&#8221;4.9.7&#8243; _module_preset=&#8221;default&#8221;][et_pb_column type=&#8221;4_4&#8243; _builder_version=&#8221;4.9.7&#8243; _module_preset=&#8221;default&#8221;][et_pb_text _builder_version=&#8221;4.9.7&#8243; _module_preset=&#8221;default&#8221; header_2_text_align=&#8221;center&#8221; custom_margin=&#8221;||18px|||&#8221;]<\/p>\n<h2>Por apenas 8,50\u20ac<\/h2>\n<p>[\/et_pb_text][et_pb_button button_url=&#8221;https:\/\/digitalalimentos.curso-online.net\/shop\/mAlimentos\/ManipuladordealimentosMultisector_39943&#8243; button_text=&#8221;Renovar o meu certificado agora!&#8221; _builder_version=&#8221;4.9.10&#8243; _module_preset=&#8221;default&#8221; button_text_color=&#8221;#FFFFFF&#8221; button_bg_color=&#8221;#F5824E&#8221; button_border_color=&#8221;#F5824E&#8221; custom_margin=&#8221;|auto||20px|false|false&#8221; custom_margin_tablet=&#8221;&#8221; custom_margin_phone=&#8221;|auto||auto|false|false&#8221; custom_margin_last_edited=&#8221;on|phone&#8221; custom_padding=&#8221;10px|45px|10px|45px|true|true&#8221; hover_enabled=&#8221;0&#8243; button_bg_color__hover=&#8221;RGBA(0,0,0,0)&#8221; button_bg_color__hover_enabled=&#8221;on|hover&#8221; button_text_color__hover=&#8221;#F5824E&#8221; button_text_color__hover_enabled=&#8221;on|desktop&#8221; custom_css_main_element_last_edited=&#8221;on|phone&#8221; sticky_enabled=&#8221;0&#8243;][\/et_pb_button][\/et_pb_column][\/et_pb_row][\/et_pb_section][et_pb_section fb_built=&#8221;1&#8243; _builder_version=&#8221;4.9.7&#8243; _module_preset=&#8221;default&#8221; background_color=&#8221;#f5f5f5&#8243; custom_margin=&#8221;||||false|false&#8221; custom_padding=&#8221;52px||||false|false&#8221; locked=&#8221;off&#8221;][et_pb_row column_structure=&#8221;1_2,1_2&#8243; _builder_version=&#8221;4.9.10&#8243; _module_preset=&#8221;default&#8221; custom_margin=&#8221;||50px||false|false&#8221; locked=&#8221;off&#8221;][et_pb_column type=&#8221;1_2&#8243; _builder_version=&#8221;4.9.7&#8243; _module_preset=&#8221;default&#8221;][et_pb_image src=&#8221;https:\/\/manipuladoralimentos.es\/wp-content\/uploads\/2021\/07\/multisectorial-1-1.jpg&#8221; title_text=&#8221;multisectorial-1&#8243; _builder_version=&#8221;4.9.7&#8243; _module_preset=&#8221;default&#8221;][\/et_pb_image][\/et_pb_column][et_pb_column type=&#8221;1_2&#8243; _builder_version=&#8221;4.9.10&#8243; _module_preset=&#8221;default&#8221; custom_padding=&#8221;2%||||false|false&#8221;][et_pb_text _builder_version=&#8221;4.9.10&#8243; _module_preset=&#8221;default&#8221; link_font=&#8221;||||on|||#4D4D4D|&#8221; link_text_color=&#8221;#4D4D4D&#8221; custom_margin=&#8221;||0px||false|false&#8221; custom_padding=&#8221;||0px||false|false&#8221;]<\/p>\n<h2>E se assim o preferir, especialize-se e melhore o seu Curr\u00edculo<\/h2>\n<p>Os cursos de Higiene e Seguran\u00e7a Alimentar especializados permitem-se estar mais preparado para ocupar um local de trabalho espec\u00edfico. Isto \u00e9 importante para as empresas uma vez que consideram que quanto mais espec\u00edfica for a forma\u00e7\u00e3o para o trabalho que vai fazer, mais seguro estar\u00e1 o produto. <strong>Somos a \u00fanica empresa de forma\u00e7\u00e3o com 40 especialidades do curso de Higiene e Seguran\u00e7a Alimentar!<\/strong><\/p>\n<p>[\/et_pb_text][et_pb_text _builder_version=&#8221;4.9.10&#8243; _module_preset=&#8221;default&#8221; text_text_color=&#8221;#F5824E&#8221; header_2_font_size=&#8221;35px&#8221; header_3_font=&#8221;|600|||||||&#8221; header_3_text_align=&#8221;left&#8221; header_3_text_color=&#8221;#F5824E&#8221; text_orientation=&#8221;center&#8221; custom_margin=&#8221;30px||||false|false&#8221; locked=&#8221;off&#8221;]<\/p>\n<h3>Especializar-me agora por apenas 24\u20ac!<\/h3>\n<p>[\/et_pb_text][\/et_pb_column][\/et_pb_row][et_pb_row custom_padding_last_edited=&#8221;on|phone&#8221; _builder_version=&#8221;4.9.7&#8243; _module_preset=&#8221;default&#8221; custom_margin=&#8221;0px||0px||false|false&#8221; custom_margin_tablet=&#8221;&#8221; custom_margin_phone=&#8221;||||false|false&#8221; custom_margin_last_edited=&#8221;on|phone&#8221; custom_padding=&#8221;0px||0px||false|false&#8221; custom_padding_tablet=&#8221;&#8221; custom_padding_phone=&#8221;40px||||false|false&#8221;][et_pb_column type=&#8221;4_4&#8243; _builder_version=&#8221;4.9.7&#8243; _module_preset=&#8221;default&#8221;][et_pb_text _builder_version=&#8221;4.9.10&#8243; _module_preset=&#8221;default&#8221; text_orientation=&#8221;center&#8221;]<\/p>\n<h2>Selecione a categoria e descubra a<br \/>\nlistagem de cursos dispon\u00edveis<\/h2>\n<p>[\/et_pb_text][\/et_pb_column][\/et_pb_row][et_pb_row column_structure=&#8221;1_3,1_3,1_3&#8243; use_custom_gutter=&#8221;on&#8221; gutter_width=&#8221;2&#8243; make_equal=&#8221;on&#8221; _builder_version=&#8221;4.9.7&#8243; _module_preset=&#8221;default&#8221; width=&#8221;100%&#8221; max_width=&#8221;100%&#8221;][et_pb_column type=&#8221;1_3&#8243; _builder_version=&#8221;4.9.7&#8243; _module_preset=&#8221;default&#8221;][et_pb_image src=&#8221;https:\/\/manipuladoralimentos.es\/wp-content\/uploads\/2021\/07\/categoria-1.jpg&#8221; title_text=&#8221;categoria-1&#8243; force_fullwidth=&#8221;on&#8221; _builder_version=&#8221;4.9.7&#8243; _module_preset=&#8221;default&#8221; custom_margin=&#8221;||0px||false|false&#8221; custom_padding=&#8221;||0px||false|false&#8221;][\/et_pb_image][et_pb_text _builder_version=&#8221;4.9.10&#8243; _module_preset=&#8221;default&#8221; link_text_color=&#8221;#FFFFFF&#8221; header_3_font=&#8221;|800|||||||&#8221; header_3_text_color=&#8221;#45C76E&#8221; header_3_font_size=&#8221;27px&#8221; header_3_line_height=&#8221;38px&#8221; background_color=&#8221;#FFFFFF&#8221; height=&#8221;250px&#8221; height_tablet=&#8221;&#8221; height_phone=&#8221;&#8221; height_last_edited=&#8221;on|phone&#8221; custom_margin=&#8221;-35px|35px||35px|false|false&#8221; custom_padding=&#8221;42px|42px|60px|42px|false|true&#8221; header_3_line_height_tablet=&#8221;&#8221; header_3_line_height_phone=&#8221;33px&#8221; header_3_line_height_last_edited=&#8221;on|phone&#8221;]<\/p>\n<h3 class=\"h3_custom_mejora_CV\">Servi\u00e7os e hotelaria<\/h3>\n<p><a class=\"btncustom\" href=\"https:\/\/manipuladoralimentos.es\/pt-pt\/servicos-e-hotelaria\/\">Mais informa\u00e7\u00f5es<\/a>[\/et_pb_text][\/et_pb_column][et_pb_column type=&#8221;1_3&#8243; _builder_version=&#8221;4.9.7&#8243; _module_preset=&#8221;default&#8221;][et_pb_image src=&#8221;https:\/\/manipuladoralimentos.es\/wp-content\/uploads\/2021\/07\/categoria-2.jpg&#8221; title_text=&#8221;categoria-2&#8243; force_fullwidth=&#8221;on&#8221; _builder_version=&#8221;4.9.7&#8243; _module_preset=&#8221;default&#8221; custom_margin=&#8221;||0px||false|false&#8221; custom_padding=&#8221;||0px||false|false&#8221;][\/et_pb_image][et_pb_text _builder_version=&#8221;4.9.10&#8243; _module_preset=&#8221;default&#8221; link_text_color=&#8221;#FFFFFF&#8221; header_3_font=&#8221;|800|||||||&#8221; header_3_text_color=&#8221;#45C76E&#8221; header_3_font_size=&#8221;27px&#8221; header_3_line_height=&#8221;38px&#8221; background_color=&#8221;#FFFFFF&#8221; height=&#8221;250px&#8221; height_tablet=&#8221;&#8221; height_phone=&#8221;&#8221; height_last_edited=&#8221;on|phone&#8221; custom_margin=&#8221;-35px|35px||35px|false|false&#8221; custom_padding=&#8221;42px|42px|60px|42px|false|true&#8221; header_3_line_height_tablet=&#8221;&#8221; header_3_line_height_phone=&#8221;33px&#8221; header_3_line_height_last_edited=&#8221;on|phone&#8221;]<\/p>\n<h3 class=\"h3_custom_mejora_CV\">Ind\u00fastria e agricultura<\/h3>\n<p><a class=\"btncustom\" href=\"https:\/\/manipuladoralimentos.es\/pt-pt\/industria-e-agricultura\/\">Mais informa\u00e7\u00f5es<\/a>[\/et_pb_text][\/et_pb_column][et_pb_column type=&#8221;1_3&#8243; _builder_version=&#8221;4.9.7&#8243; _module_preset=&#8221;default&#8221;][et_pb_image src=&#8221;https:\/\/manipuladoralimentos.es\/wp-content\/uploads\/2021\/07\/categoria-3.jpg&#8221; title_text=&#8221;categoria-3&#8243; force_fullwidth=&#8221;on&#8221; _builder_version=&#8221;4.9.7&#8243; _module_preset=&#8221;default&#8221; custom_margin=&#8221;||0px||false|false&#8221; custom_padding=&#8221;||0px||false|false&#8221;][\/et_pb_image][et_pb_text _builder_version=&#8221;4.9.10&#8243; _module_preset=&#8221;default&#8221; link_text_color=&#8221;#FFFFFF&#8221; header_3_font=&#8221;|800|||||||&#8221; header_3_text_color=&#8221;#45C76E&#8221; header_3_font_size=&#8221;27px&#8221; header_3_line_height=&#8221;38px&#8221; background_color=&#8221;#FFFFFF&#8221; height=&#8221;250px&#8221; height_tablet=&#8221;&#8221; height_phone=&#8221;&#8221; height_last_edited=&#8221;on|phone&#8221; custom_margin=&#8221;-35px|35px||35px|false|false&#8221; custom_padding=&#8221;42px|42px|60px|42px|false|true&#8221; header_3_line_height_tablet=&#8221;&#8221; header_3_line_height_phone=&#8221;33px&#8221; header_3_line_height_last_edited=&#8221;on|phone&#8221;]<\/p>\n<h3 class=\"h3_custom_mejora_CV_3\">Alimenta\u00e7\u00e3o, bebidas e com\u00e9rcio\/lojas<\/h3>\n<p><a class=\"btncustom\" href=\"https:\/\/manipuladoralimentos.es\/pt-pt\/alimentacao-bebidas-e-comercios\/\">Mais informa\u00e7\u00f5es<\/a>[\/et_pb_text][\/et_pb_column][\/et_pb_row][\/et_pb_section][et_pb_section fb_built=&#8221;1&#8243; _builder_version=&#8221;4.9.7&#8243; _module_preset=&#8221;default&#8221; background_color=&#8221;#45C76E&#8221; custom_padding=&#8221;20px||20px||false|false&#8221; locked=&#8221;off&#8221;][et_pb_row column_structure=&#8221;3_5,2_5&#8243; _builder_version=&#8221;4.9.7&#8243; _module_preset=&#8221;default&#8221; width=&#8221;70%&#8221;][et_pb_column type=&#8221;3_5&#8243; _builder_version=&#8221;4.9.7&#8243; _module_preset=&#8221;default&#8221;][et_pb_text _builder_version=&#8221;4.9.10&#8243; _module_preset=&#8221;default&#8221; text_text_color=&#8221;#FFFFFF&#8221; text_font_size=&#8221;22px&#8221; text_line_height=&#8221;32px&#8221; text_font_size_tablet=&#8221;&#8221; text_font_size_phone=&#8221;18px&#8221; text_font_size_last_edited=&#8221;on|phone&#8221;]Se perdeu o seu certificado e o mesmo continuar em vigor, n\u00e3o se preocupe, contacte connosco e entregamo-lo novamente.[\/et_pb_text][\/et_pb_column][et_pb_column type=&#8221;2_5&#8243; _builder_version=&#8221;4.9.7&#8243; _module_preset=&#8221;default&#8221;][et_pb_button button_url=&#8221;@ET-DC@eyJkeW5hbWljIjp0cnVlLCJjb250ZW50IjoicG9zdF9saW5rX3VybF9wYWdlIiwic2V0dGluZ3MiOnsicG9zdF9pZCI6IjMwIn19@&#8221; button_text=&#8221;Contato&#8221; _builder_version=&#8221;4.9.10&#8243; _dynamic_attributes=&#8221;button_url&#8221; _module_preset=&#8221;default&#8221;][\/et_pb_button][\/et_pb_column][\/et_pb_row][\/et_pb_section]<\/p>\n<\/div>","protected":false},"excerpt":{"rendered":"<p>Renove j\u00e1 o seu certificado de Higiene e Seguran\u00e7a Alimentar em apenas 3 passos. Receba-o hoje!Es posible que tu carnet de manipulador de alimentos fuera emitido conforme a la normativa anterior (RD 2505\/83) en la que se indicaba de forma expresa la obligatoriedad de renovar cada 4 a\u00f1os. En la actualidad, la nueva normativa [&hellip;]<\/p>\n","protected":false},"author":4,"featured_media":0,"parent":0,"menu_order":0,"comment_status":"closed","ping_status":"closed","template":"","meta":{"_et_pb_use_builder":"on","_et_pb_old_content":"<!-- wp:divi\/placeholder \/-->","_et_gb_content_width":"","footnotes":""},"class_list":["post-241336","page","type-page","status-publish","hentry"],"yoast_head":"<!-- This site is optimized with the Yoast SEO plugin v27.4 - https:\/\/yoast.com\/product\/yoast-seo-wordpress\/ -->\n<title>Renove o Certificado de Higiene e Seguran\u00e7a Alimentar<\/title>\n<meta name=\"description\" content=\"Precisa renovar o seu Certificado de Higiene e Seguran\u00e7a Alimentar de forma r\u00e1pida e f\u00e1cil? Entre na nossa plataforma e renove o seu certificado instantaneamente seguindo 3 etapas. Comece j\u00e1.\" \/>\n<meta name=\"robots\" content=\"index, follow, max-snippet:-1, max-image-preview:large, max-video-preview:-1\" \/>\n<link rel=\"canonical\" href=\"https:\/\/manipuladoralimentos.es\/pt-pt\/necessita-de-renovar\/\" \/>\n<meta property=\"og:locale\" content=\"pt_PT\" \/>\n<meta property=\"og:type\" content=\"article\" \/>\n<meta property=\"og:title\" content=\"Renove o Certificado de Higiene e Seguran\u00e7a Alimentar\" \/>\n<meta property=\"og:description\" content=\"Precisa renovar o seu Certificado de Higiene e Seguran\u00e7a Alimentar de forma r\u00e1pida e f\u00e1cil? Entre na nossa plataforma e renove o seu certificado instantaneamente seguindo 3 etapas. Comece j\u00e1.\" \/>\n<meta property=\"og:url\" content=\"https:\/\/manipuladoralimentos.es\/pt-pt\/necessita-de-renovar\/\" \/>\n<meta property=\"og:site_name\" content=\"Manipulador Alimentos\" \/>\n<meta property=\"article:modified_time\" content=\"2022-02-08T13:02:11+00:00\" \/>\n<meta name=\"twitter:card\" content=\"summary_large_image\" \/>\n<meta name=\"twitter:label1\" content=\"Tempo estimado de leitura\" \/>\n\t<meta name=\"twitter:data1\" content=\"3 minutos\" \/>\n<script type=\"application\/ld+json\" class=\"yoast-schema-graph\">{\"@context\":\"https:\\\/\\\/schema.org\",\"@graph\":[{\"@type\":\"WebPage\",\"@id\":\"https:\\\/\\\/manipuladoralimentos.es\\\/pt-pt\\\/necessita-de-renovar\\\/\",\"url\":\"https:\\\/\\\/manipuladoralimentos.es\\\/pt-pt\\\/necessita-de-renovar\\\/\",\"name\":\"Renove o Certificado de Higiene e Seguran\u00e7a Alimentar\",\"isPartOf\":{\"@id\":\"https:\\\/\\\/manipuladoralimentos.es\\\/#website\"},\"datePublished\":\"2021-07-13T21:15:53+00:00\",\"dateModified\":\"2022-02-08T13:02:11+00:00\",\"description\":\"Precisa renovar o seu Certificado de Higiene e Seguran\u00e7a Alimentar de forma r\u00e1pida e f\u00e1cil? Entre na nossa plataforma e renove o seu certificado instantaneamente seguindo 3 etapas. Comece j\u00e1.\",\"breadcrumb\":{\"@id\":\"https:\\\/\\\/manipuladoralimentos.es\\\/pt-pt\\\/necessita-de-renovar\\\/#breadcrumb\"},\"inLanguage\":\"pt-PT\",\"potentialAction\":[{\"@type\":\"ReadAction\",\"target\":[\"https:\\\/\\\/manipuladoralimentos.es\\\/pt-pt\\\/necessita-de-renovar\\\/\"]}]},{\"@type\":\"BreadcrumbList\",\"@id\":\"https:\\\/\\\/manipuladoralimentos.es\\\/pt-pt\\\/necessita-de-renovar\\\/#breadcrumb\",\"itemListElement\":[{\"@type\":\"ListItem\",\"position\":1,\"name\":\"Portada\",\"item\":\"https:\\\/\\\/manipuladoralimentos.es\\\/pt-pt\\\/\"},{\"@type\":\"ListItem\",\"position\":2,\"name\":\"Necessita de renovar?\"}]},{\"@type\":\"WebSite\",\"@id\":\"https:\\\/\\\/manipuladoralimentos.es\\\/#website\",\"url\":\"https:\\\/\\\/manipuladoralimentos.es\\\/\",\"name\":\"Manipulador Alimentos\",\"description\":\"Wordpress base LTW\",\"potentialAction\":[{\"@type\":\"SearchAction\",\"target\":{\"@type\":\"EntryPoint\",\"urlTemplate\":\"https:\\\/\\\/manipuladoralimentos.es\\\/?s={search_term_string}\"},\"query-input\":{\"@type\":\"PropertyValueSpecification\",\"valueRequired\":true,\"valueName\":\"search_term_string\"}}],\"inLanguage\":\"pt-PT\"}]}<\/script>\n<!-- \/ Yoast SEO plugin. -->","yoast_head_json":{"title":"Renove o Certificado de Higiene e Seguran\u00e7a Alimentar","description":"Precisa renovar o seu Certificado de Higiene e Seguran\u00e7a Alimentar de forma r\u00e1pida e f\u00e1cil? Entre na nossa plataforma e renove o seu certificado instantaneamente seguindo 3 etapas. Comece j\u00e1.","robots":{"index":"index","follow":"follow","max-snippet":"max-snippet:-1","max-image-preview":"max-image-preview:large","max-video-preview":"max-video-preview:-1"},"canonical":"https:\/\/manipuladoralimentos.es\/pt-pt\/necessita-de-renovar\/","og_locale":"pt_PT","og_type":"article","og_title":"Renove o Certificado de Higiene e Seguran\u00e7a Alimentar","og_description":"Precisa renovar o seu Certificado de Higiene e Seguran\u00e7a Alimentar de forma r\u00e1pida e f\u00e1cil? Entre na nossa plataforma e renove o seu certificado instantaneamente seguindo 3 etapas. Comece j\u00e1.","og_url":"https:\/\/manipuladoralimentos.es\/pt-pt\/necessita-de-renovar\/","og_site_name":"Manipulador Alimentos","article_modified_time":"2022-02-08T13:02:11+00:00","twitter_card":"summary_large_image","twitter_misc":{"Tempo estimado de leitura":"3 minutos"},"schema":{"@context":"https:\/\/schema.org","@graph":[{"@type":"WebPage","@id":"https:\/\/manipuladoralimentos.es\/pt-pt\/necessita-de-renovar\/","url":"https:\/\/manipuladoralimentos.es\/pt-pt\/necessita-de-renovar\/","name":"Renove o Certificado de Higiene e Seguran\u00e7a Alimentar","isPartOf":{"@id":"https:\/\/manipuladoralimentos.es\/#website"},"datePublished":"2021-07-13T21:15:53+00:00","dateModified":"2022-02-08T13:02:11+00:00","description":"Precisa renovar o seu Certificado de Higiene e Seguran\u00e7a Alimentar de forma r\u00e1pida e f\u00e1cil? Entre na nossa plataforma e renove o seu certificado instantaneamente seguindo 3 etapas. Comece j\u00e1.","breadcrumb":{"@id":"https:\/\/manipuladoralimentos.es\/pt-pt\/necessita-de-renovar\/#breadcrumb"},"inLanguage":"pt-PT","potentialAction":[{"@type":"ReadAction","target":["https:\/\/manipuladoralimentos.es\/pt-pt\/necessita-de-renovar\/"]}]},{"@type":"BreadcrumbList","@id":"https:\/\/manipuladoralimentos.es\/pt-pt\/necessita-de-renovar\/#breadcrumb","itemListElement":[{"@type":"ListItem","position":1,"name":"Portada","item":"https:\/\/manipuladoralimentos.es\/pt-pt\/"},{"@type":"ListItem","position":2,"name":"Necessita de renovar?"}]},{"@type":"WebSite","@id":"https:\/\/manipuladoralimentos.es\/#website","url":"https:\/\/manipuladoralimentos.es\/","name":"Manipulador Alimentos","description":"Wordpress base LTW","potentialAction":[{"@type":"SearchAction","target":{"@type":"EntryPoint","urlTemplate":"https:\/\/manipuladoralimentos.es\/?s={search_term_string}"},"query-input":{"@type":"PropertyValueSpecification","valueRequired":true,"valueName":"search_term_string"}}],"inLanguage":"pt-PT"}]}},"_links":{"self":[{"href":"https:\/\/manipuladoralimentos.es\/pt-pt\/wp-json\/wp\/v2\/pages\/241336","targetHints":{"allow":["GET"]}}],"collection":[{"href":"https:\/\/manipuladoralimentos.es\/pt-pt\/wp-json\/wp\/v2\/pages"}],"about":[{"href":"https:\/\/manipuladoralimentos.es\/pt-pt\/wp-json\/wp\/v2\/types\/page"}],"author":[{"embeddable":true,"href":"https:\/\/manipuladoralimentos.es\/pt-pt\/wp-json\/wp\/v2\/users\/4"}],"replies":[{"embeddable":true,"href":"https:\/\/manipuladoralimentos.es\/pt-pt\/wp-json\/wp\/v2\/comments?post=241336"}],"version-history":[{"count":13,"href":"https:\/\/manipuladoralimentos.es\/pt-pt\/wp-json\/wp\/v2\/pages\/241336\/revisions"}],"predecessor-version":[{"id":243157,"href":"https:\/\/manipuladoralimentos.es\/pt-pt\/wp-json\/wp\/v2\/pages\/241336\/revisions\/243157"}],"wp:attachment":[{"href":"https:\/\/manipuladoralimentos.es\/pt-pt\/wp-json\/wp\/v2\/media?parent=241336"}],"curies":[{"name":"wp","href":"https:\/\/api.w.org\/{rel}","templated":true}]}}