{"id":241358,"date":"2021-07-13T21:16:00","date_gmt":"2021-07-13T21:16:00","guid":{"rendered":"http:\/\/manipuladoralimentos.vl22392.dinaserver.com\/normativa\/"},"modified":"2021-11-09T08:25:44","modified_gmt":"2021-11-09T08:25:44","slug":"normativa","status":"publish","type":"page","link":"https:\/\/manipuladoralimentos.es\/pt-pt\/normativa\/","title":{"rendered":"Normativa"},"content":{"rendered":"<div id=\"modal-ready\">\n[et_pb_section fb_built=&#8221;1&#8243; fullwidth=&#8221;on&#8221; _builder_version=&#8221;4.9.7&#8243; _module_preset=&#8221;default&#8221; custom_margin=&#8221;0px||||false|false&#8221; custom_padding=&#8221;0px||||false|false&#8221;][et_pb_fullwidth_code _builder_version=&#8221;4.9.7&#8243; _module_preset=&#8221;default&#8221;][\/et_pb_fullwidth_code][\/et_pb_section][et_pb_section fb_built=&#8221;1&#8243; _builder_version=&#8221;4.9.7&#8243; _module_preset=&#8221;default&#8221; custom_margin=&#8221;||||false|false&#8221; custom_padding=&#8221;30px||30px||true|false&#8221;][et_pb_row _builder_version=&#8221;4.9.10&#8243; _module_preset=&#8221;default&#8221; width=&#8221;70%&#8221; width_tablet=&#8221;90%&#8221; width_phone=&#8221;90%&#8221; width_last_edited=&#8221;on|phone&#8221; max_width=&#8221;70%&#8221; max_width_tablet=&#8221;90%&#8221; max_width_phone=&#8221;90%&#8221; max_width_last_edited=&#8221;on|tablet&#8221; custom_margin=&#8221;||0px||false|false&#8221; custom_padding=&#8221;||0px||false|false&#8221; hover_enabled=&#8221;0&#8243; sticky_enabled=&#8221;0&#8243;][et_pb_column type=&#8221;4_4&#8243; _builder_version=&#8221;4.9.7&#8243; _module_preset=&#8221;default&#8221;][et_pb_text _builder_version=&#8221;4.9.10&#8243; _module_preset=&#8221;default&#8221; width_tablet=&#8221;&#8221; width_phone=&#8221;100%&#8221; width_last_edited=&#8221;on|phone&#8221; module_alignment=&#8221;center&#8221; hover_enabled=&#8221;0&#8243; width__hover_enabled=&#8221;on|desktop&#8221; sticky_enabled=&#8221;0&#8243;]Garantimos que os nossos certificados t\u00eam validade para trabalhar em qualquer empresa do sector alimentar, e em todo o territ\u00f3rio de Portugal e pa\u00edses da Uni\u00e3o Europeia (UE).[\/et_pb_text][et_pb_text _builder_version=&#8221;4.9.10&#8243; _module_preset=&#8221;default&#8221; link_font=&#8221;||||on|||#4D4D4D|&#8221; link_text_color=&#8221;#4D4D4D&#8221; custom_margin=&#8221;||0px||false|false&#8221; custom_padding=&#8221;||0px||false|false&#8221; hover_enabled=&#8221;0&#8243; sticky_enabled=&#8221;0&#8243;]<ul class=\"ullistmultisectorial\">\n\t<li>Legisla\u00e7\u00e3o comunit\u00e1ria<\/li>\n\t<li><a target=\"_blank\" href=\"http:\/\/www.fao.org\/fao-who-codexalimentarius\/about-codex\/en\/\" rel=\"noopener\">Codex Alimentarius<\/a><\/li>\n\t<li>* Higiene Alimentar<\/li>\n<li>* Crit\u00e9rios microbiol\u00f3gicos<\/li>\n<li><a target=\"_blank\" href=\"https:\/\/eur-lex.europa.eu\/legal-content\/PT\/TXT\/PDF\/?uri=CELEX:32004R0853&#038;from=ES\" rel=\"noopener\">CRegulamento (CE) N\u00b0 853\/2004 (higiene aplic\u00e1veis aos g\u00e9neros aliment\u00edcios de origem animal)<\/a><\/li>\n\n<li><a target=\"_blank\" href=\"https:\/\/eur-lex.europa.eu\/legal-content\/PT\/TXT\/PDF\/?uri=CELEX:32008R1020&#038;qid=1623742099233&#038;from=ES\" rel=\"noopener\">REGULAMENTO (CE) n\u00ba 1020\/2008<\/a><\/li>\n<li><a target=\"_blank\" href=\"https:\/\/eur-lex.europa.eu\/legal-content\/PT\/TXT\/PDF\/?uri=CELEX:32005R2074&#038;qid=1623741953902&#038;from=ES\" rel=\"noopener\">Regulamento  (CE) n\u00ba 2074\/2005<\/a><\/li>\n<li><a target=\"_blank\" href=\"https:\/\/eur-lex.europa.eu\/legal-content\/PT\/TXT\/PDF\/?uri=CELEX:32008R1019&#038;qid=1623742010572&#038;from=ES\" rel=\"noopener\">Regulamento  (CE) n\u00ba 1019\/2008<\/a><\/li>\n<li><a target=\"_blank\" href=\"https:\/\/eur-lex.europa.eu\/legal-content\/PT\/TXT\/HTML\/?uri=LEGISSUM:f84001\" rel=\"noopener\">Regulamento  (CE) n\u00ba 852\/2004<\/a><\/li>\n<li><a target=\"_blank\" href=\"https:\/\/eur-lex.europa.eu\/legal-content\/PT\/TXT\/PDF\/?uri=CELEX:51999DC0719&#038;from=ES\" rel=\"noopener\">LIVRO BRANCO SOBRE A SEGURAN\u00c7A DOS ALIMENTOS<\/a><\/li>\n\n<\/ul>[\/et_pb_text][et_pb_text _builder_version=&#8221;4.9.10&#8243; _module_preset=&#8221;default&#8221; link_font=&#8221;||||on|||#4D4D4D|&#8221; link_text_color=&#8221;#4D4D4D&#8221; custom_margin=&#8221;||0px||false|false&#8221; custom_padding=&#8221;||0px||false|false&#8221; hover_enabled=&#8221;0&#8243; sticky_enabled=&#8221;0&#8243;]Legisla\u00e7\u00e3o Nacional:\n<ul class=\"ullistmultisectorial\">\n\t<li><a target=\"_blank\" href=\"https:\/\/dre.pt\/web\/guest\/legislacao-consolidada\/-\/lc\/158043690\/202106141748\/exportPdf\/normal\/1\/cacheLevelPage?_LegislacaoConsolidada_WAR_drefrontofficeportlet_rp=indice\" rel=\"noopener\">Decreto-lei n\u00ba113\/2006<\/a><\/li>\n\t<li><a target=\"_blank\" href=\"https:\/\/dre.pt\/pesquisa\/-\/search\/667358\/details\/maximized\" rel=\"noopener\">Decreto-lei n\u00ba425\/99<\/a><\/li>\n\n\t<li><a target=\"_blank\" href=\"https:\/\/dre.pt\/pesquisa\/-\/search\/197365\/details\/maximized\" rel=\"noopener\">Decreto-lei n\u00ba67\/98<\/a><\/li>\n\n\n<\/ul>[\/et_pb_text][\/et_pb_column][\/et_pb_row][et_pb_row _builder_version=&#8221;4.9.7&#8243; _module_preset=&#8221;default&#8221; width=&#8221;50%&#8221; width_tablet=&#8221;90%&#8221; width_phone=&#8221;90%&#8221; width_last_edited=&#8221;on|tablet&#8221; max_width=&#8221;50%&#8221; max_width_tablet=&#8221;90%&#8221; max_width_phone=&#8221;90%&#8221; max_width_last_edited=&#8221;on|phone&#8221;][et_pb_column type=&#8221;4_4&#8243; _builder_version=&#8221;4.9.7&#8243; _module_preset=&#8221;default&#8221;][\/et_pb_column][\/et_pb_row][\/et_pb_section][et_pb_section fb_built=&#8221;1&#8243; _builder_version=&#8221;4.9.7&#8243; _module_preset=&#8221;default&#8221; background_color=&#8221;#45C76E&#8221; custom_padding=&#8221;20px||20px||false|false&#8221; locked=&#8221;off&#8221;][et_pb_row column_structure=&#8221;3_5,2_5&#8243; _builder_version=&#8221;4.9.7&#8243; _module_preset=&#8221;default&#8221; width=&#8221;70%&#8221;][et_pb_column type=&#8221;3_5&#8243; _builder_version=&#8221;4.9.7&#8243; _module_preset=&#8221;default&#8221;][et_pb_text _builder_version=&#8221;4.9.10&#8243; _module_preset=&#8221;default&#8221; text_text_color=&#8221;#FFFFFF&#8221; text_font_size=&#8221;22px&#8221; text_line_height=&#8221;32px&#8221; text_font_size_tablet=&#8221;&#8221; text_font_size_phone=&#8221;18px&#8221; text_font_size_last_edited=&#8221;on|phone&#8221;]Se perdeu o seu certificado e o mesmo continuar em vigor, n\u00e3o se preocupe, contacte connosco e entregamo-lo novamente.[\/et_pb_text][\/et_pb_column][et_pb_column type=&#8221;2_5&#8243; _builder_version=&#8221;4.9.7&#8243; _module_preset=&#8221;default&#8221;][et_pb_button button_url=&#8221;@ET-DC@eyJkeW5hbWljIjp0cnVlLCJjb250ZW50IjoicG9zdF9saW5rX3VybF9wYWdlIiwic2V0dGluZ3MiOnsicG9zdF9pZCI6IjMwIn19@&#8221; button_text=&#8221;Contato&#8221; _builder_version=&#8221;4.9.10&#8243; _dynamic_attributes=&#8221;button_url&#8221; _module_preset=&#8221;default&#8221;][\/et_pb_button][\/et_pb_column][\/et_pb_row][\/et_pb_section]\n<\/div>","protected":false},"excerpt":{"rendered":"<p>Garantimos que os nossos certificados t\u00eam validade para trabalhar em qualquer empresa do sector alimentar, e em todo o territ\u00f3rio de Portugal e pa\u00edses da Uni\u00e3o Europeia (UE). Legisla\u00e7\u00e3o comunit\u00e1ria Codex Alimentarius * Higiene Alimentar * Crit\u00e9rios microbiol\u00f3gicos CRegulamento (CE) N\u00b0 853\/2004 (higiene aplic\u00e1veis aos g\u00e9neros aliment\u00edcios de origem animal) REGULAMENTO (CE) n\u00ba 1020\/2008 [&hellip;]<\/p>\n","protected":false},"author":4,"featured_media":0,"parent":0,"menu_order":0,"comment_status":"closed","ping_status":"closed","template":"","meta":{"_et_pb_use_builder":"on","_et_pb_old_content":"<!-- wp:divi\/placeholder \/-->","_et_gb_content_width":"","footnotes":""},"class_list":["post-241358","page","type-page","status-publish","hentry"],"yoast_head":"<!-- This site is optimized with the Yoast SEO plugin v27.4 - https:\/\/yoast.com\/product\/yoast-seo-wordpress\/ -->\n<title>Certificado de Higiene e Seguran\u00e7a Alimentar | Oficial 2021 Online<\/title>\n<meta name=\"description\" content=\"Obtenha hoje mesmo o seu certificado de Higiene e Seguran\u00e7a Alimentar. Aceda ao nosso site e em 3 passos f\u00e1ceis e poder\u00e1 obtera seu certificado no momento.\" \/>\n<meta name=\"robots\" content=\"index, follow, max-snippet:-1, max-image-preview:large, max-video-preview:-1\" \/>\n<link rel=\"canonical\" href=\"https:\/\/manipuladoralimentos.es\/pt-pt\/normativa\/\" \/>\n<meta property=\"og:locale\" content=\"pt_PT\" \/>\n<meta property=\"og:type\" content=\"article\" \/>\n<meta property=\"og:title\" content=\"Certificado de Higiene e Seguran\u00e7a Alimentar | Oficial 2021 Online\" \/>\n<meta property=\"og:description\" content=\"Obtenha hoje mesmo o seu certificado de Higiene e Seguran\u00e7a Alimentar. Aceda ao nosso site e em 3 passos f\u00e1ceis e poder\u00e1 obtera seu certificado no momento.\" \/>\n<meta property=\"og:url\" content=\"https:\/\/manipuladoralimentos.es\/pt-pt\/normativa\/\" \/>\n<meta property=\"og:site_name\" content=\"Manipulador Alimentos\" \/>\n<meta property=\"article:modified_time\" content=\"2021-11-09T08:25:44+00:00\" \/>\n<meta name=\"twitter:card\" content=\"summary_large_image\" \/>\n<meta name=\"twitter:label1\" content=\"Tempo estimado de leitura\" \/>\n\t<meta name=\"twitter:data1\" content=\"1 minuto\" \/>\n<script type=\"application\/ld+json\" class=\"yoast-schema-graph\">{\"@context\":\"https:\\\/\\\/schema.org\",\"@graph\":[{\"@type\":\"WebPage\",\"@id\":\"https:\\\/\\\/manipuladoralimentos.es\\\/pt-pt\\\/normativa\\\/\",\"url\":\"https:\\\/\\\/manipuladoralimentos.es\\\/pt-pt\\\/normativa\\\/\",\"name\":\"Certificado de Higiene e Seguran\u00e7a Alimentar | Oficial 2021 Online\",\"isPartOf\":{\"@id\":\"https:\\\/\\\/manipuladoralimentos.es\\\/#website\"},\"datePublished\":\"2021-07-13T21:16:00+00:00\",\"dateModified\":\"2021-11-09T08:25:44+00:00\",\"description\":\"Obtenha hoje mesmo o seu certificado de Higiene e Seguran\u00e7a Alimentar. Aceda ao nosso site e em 3 passos f\u00e1ceis e poder\u00e1 obtera seu certificado no momento.\",\"breadcrumb\":{\"@id\":\"https:\\\/\\\/manipuladoralimentos.es\\\/pt-pt\\\/normativa\\\/#breadcrumb\"},\"inLanguage\":\"pt-PT\",\"potentialAction\":[{\"@type\":\"ReadAction\",\"target\":[\"https:\\\/\\\/manipuladoralimentos.es\\\/pt-pt\\\/normativa\\\/\"]}]},{\"@type\":\"BreadcrumbList\",\"@id\":\"https:\\\/\\\/manipuladoralimentos.es\\\/pt-pt\\\/normativa\\\/#breadcrumb\",\"itemListElement\":[{\"@type\":\"ListItem\",\"position\":1,\"name\":\"Portada\",\"item\":\"https:\\\/\\\/manipuladoralimentos.es\\\/pt-pt\\\/\"},{\"@type\":\"ListItem\",\"position\":2,\"name\":\"Normativa\"}]},{\"@type\":\"WebSite\",\"@id\":\"https:\\\/\\\/manipuladoralimentos.es\\\/#website\",\"url\":\"https:\\\/\\\/manipuladoralimentos.es\\\/\",\"name\":\"Manipulador Alimentos\",\"description\":\"Wordpress base LTW\",\"potentialAction\":[{\"@type\":\"SearchAction\",\"target\":{\"@type\":\"EntryPoint\",\"urlTemplate\":\"https:\\\/\\\/manipuladoralimentos.es\\\/?s={search_term_string}\"},\"query-input\":{\"@type\":\"PropertyValueSpecification\",\"valueRequired\":true,\"valueName\":\"search_term_string\"}}],\"inLanguage\":\"pt-PT\"}]}<\/script>\n<!-- \/ Yoast SEO plugin. -->","yoast_head_json":{"title":"Certificado de Higiene e Seguran\u00e7a Alimentar | Oficial 2021 Online","description":"Obtenha hoje mesmo o seu certificado de Higiene e Seguran\u00e7a Alimentar. Aceda ao nosso site e em 3 passos f\u00e1ceis e poder\u00e1 obtera seu certificado no momento.","robots":{"index":"index","follow":"follow","max-snippet":"max-snippet:-1","max-image-preview":"max-image-preview:large","max-video-preview":"max-video-preview:-1"},"canonical":"https:\/\/manipuladoralimentos.es\/pt-pt\/normativa\/","og_locale":"pt_PT","og_type":"article","og_title":"Certificado de Higiene e Seguran\u00e7a Alimentar | Oficial 2021 Online","og_description":"Obtenha hoje mesmo o seu certificado de Higiene e Seguran\u00e7a Alimentar. Aceda ao nosso site e em 3 passos f\u00e1ceis e poder\u00e1 obtera seu certificado no momento.","og_url":"https:\/\/manipuladoralimentos.es\/pt-pt\/normativa\/","og_site_name":"Manipulador Alimentos","article_modified_time":"2021-11-09T08:25:44+00:00","twitter_card":"summary_large_image","twitter_misc":{"Tempo estimado de leitura":"1 minuto"},"schema":{"@context":"https:\/\/schema.org","@graph":[{"@type":"WebPage","@id":"https:\/\/manipuladoralimentos.es\/pt-pt\/normativa\/","url":"https:\/\/manipuladoralimentos.es\/pt-pt\/normativa\/","name":"Certificado de Higiene e Seguran\u00e7a Alimentar | Oficial 2021 Online","isPartOf":{"@id":"https:\/\/manipuladoralimentos.es\/#website"},"datePublished":"2021-07-13T21:16:00+00:00","dateModified":"2021-11-09T08:25:44+00:00","description":"Obtenha hoje mesmo o seu certificado de Higiene e Seguran\u00e7a Alimentar. Aceda ao nosso site e em 3 passos f\u00e1ceis e poder\u00e1 obtera seu certificado no momento.","breadcrumb":{"@id":"https:\/\/manipuladoralimentos.es\/pt-pt\/normativa\/#breadcrumb"},"inLanguage":"pt-PT","potentialAction":[{"@type":"ReadAction","target":["https:\/\/manipuladoralimentos.es\/pt-pt\/normativa\/"]}]},{"@type":"BreadcrumbList","@id":"https:\/\/manipuladoralimentos.es\/pt-pt\/normativa\/#breadcrumb","itemListElement":[{"@type":"ListItem","position":1,"name":"Portada","item":"https:\/\/manipuladoralimentos.es\/pt-pt\/"},{"@type":"ListItem","position":2,"name":"Normativa"}]},{"@type":"WebSite","@id":"https:\/\/manipuladoralimentos.es\/#website","url":"https:\/\/manipuladoralimentos.es\/","name":"Manipulador Alimentos","description":"Wordpress base LTW","potentialAction":[{"@type":"SearchAction","target":{"@type":"EntryPoint","urlTemplate":"https:\/\/manipuladoralimentos.es\/?s={search_term_string}"},"query-input":{"@type":"PropertyValueSpecification","valueRequired":true,"valueName":"search_term_string"}}],"inLanguage":"pt-PT"}]}},"_links":{"self":[{"href":"https:\/\/manipuladoralimentos.es\/pt-pt\/wp-json\/wp\/v2\/pages\/241358","targetHints":{"allow":["GET"]}}],"collection":[{"href":"https:\/\/manipuladoralimentos.es\/pt-pt\/wp-json\/wp\/v2\/pages"}],"about":[{"href":"https:\/\/manipuladoralimentos.es\/pt-pt\/wp-json\/wp\/v2\/types\/page"}],"author":[{"embeddable":true,"href":"https:\/\/manipuladoralimentos.es\/pt-pt\/wp-json\/wp\/v2\/users\/4"}],"replies":[{"embeddable":true,"href":"https:\/\/manipuladoralimentos.es\/pt-pt\/wp-json\/wp\/v2\/comments?post=241358"}],"version-history":[{"count":7,"href":"https:\/\/manipuladoralimentos.es\/pt-pt\/wp-json\/wp\/v2\/pages\/241358\/revisions"}],"predecessor-version":[{"id":242843,"href":"https:\/\/manipuladoralimentos.es\/pt-pt\/wp-json\/wp\/v2\/pages\/241358\/revisions\/242843"}],"wp:attachment":[{"href":"https:\/\/manipuladoralimentos.es\/pt-pt\/wp-json\/wp\/v2\/media?parent=241358"}],"curies":[{"name":"wp","href":"https:\/\/api.w.org\/{rel}","templated":true}]}}